{"id":609,"date":"2025-11-02T07:57:24","date_gmt":"2025-11-02T07:57:24","guid":{"rendered":"https:\/\/regalina.ro\/?page_id=609"},"modified":"2026-02-26T06:43:22","modified_gmt":"2026-02-26T06:43:22","slug":"noutati","status":"publish","type":"page","link":"https:\/\/regalina.ro\/en\/noutati\/","title":{"rendered":"News"},"content":{"rendered":"<div data-elementor-type=\"wp-page\" data-elementor-id=\"609\" class=\"elementor elementor-609\" data-elementor-post-type=\"page\">\n\t\t\t\t<div class=\"elementor-element elementor-element-2506d11 e-flex e-con-boxed e-con e-parent\" data-id=\"2506d11\" data-element_type=\"container\" data-e-type=\"container\" data-settings=\"{&quot;background_background&quot;:&quot;classic&quot;}\">\n\t\t\t\t\t<div class=\"e-con-inner\">\n\t\t\t\t<div class=\"elementor-element elementor-element-a961295 elementor-widget elementor-widget-heading\" data-id=\"a961295\" data-element_type=\"widget\" data-e-type=\"widget\" data-widget_type=\"heading.default\">\n\t\t\t\t\t<h1 class=\"elementor-heading-title elementor-size-default\">News from Regalina<\/h1>\t\t\t\t<\/div>\n\t\t\t\t<div class=\"elementor-element elementor-element-679eded elementor-widget elementor-widget-text-editor\" data-id=\"679eded\" data-element_type=\"widget\" data-e-type=\"widget\" data-widget_type=\"text-editor.default\">\n\t\t\t\t\t\t\t\t\t<p>Here you can find the latest news and articles about Regalina: new product launches, recipe ideas with mountain eggs, updates from the farm and projects we are working on together with our partners. We regularly add fresh information so you can always stay up to date with what is happening around the brand.<\/p>\t\t\t\t\t\t\t\t<\/div>\n\t\t\t\t\t<\/div>\n\t\t\t\t<\/div>\n\t\t<div class=\"elementor-element elementor-element-181ae28 e-flex e-con-boxed e-con e-parent\" data-id=\"181ae28\" data-element_type=\"container\" data-e-type=\"container\">\n\t\t\t\t\t<div class=\"e-con-inner\">\n\t\t<div class=\"elementor-element elementor-element-49f3074 e-con-full e-flex e-con e-child\" data-id=\"49f3074\" data-element_type=\"container\" data-e-type=\"container\">\n\t\t\t\t<div class=\"elementor-element elementor-element-0f94d2b elementor-grid-3 elementor-grid-tablet-2 elementor-grid-mobile-1 elementor-posts--thumbnail-top elementor-widget elementor-widget-posts\" data-id=\"0f94d2b\" data-element_type=\"widget\" data-e-type=\"widget\" data-settings=\"{&quot;classic_columns&quot;:&quot;3&quot;,&quot;classic_columns_tablet&quot;:&quot;2&quot;,&quot;classic_columns_mobile&quot;:&quot;1&quot;,&quot;classic_row_gap&quot;:{&quot;unit&quot;:&quot;px&quot;,&quot;size&quot;:35,&quot;sizes&quot;:[]},&quot;classic_row_gap_tablet&quot;:{&quot;unit&quot;:&quot;px&quot;,&quot;size&quot;:&quot;&quot;,&quot;sizes&quot;:[]},&quot;classic_row_gap_mobile&quot;:{&quot;unit&quot;:&quot;px&quot;,&quot;size&quot;:&quot;&quot;,&quot;sizes&quot;:[]}}\" data-widget_type=\"posts.classic\">\n\t\t\t\t<div class=\"elementor-widget-container\">\n\t\t\t\t\t\t\t<div class=\"elementor-posts-container elementor-posts elementor-posts--skin-classic elementor-grid\" role=\"list\">\n\t\t\t\t<article class=\"elementor-post elementor-grid-item post-1934 post type-post status-publish format-standard hentry category-uncategorized\" role=\"listitem\">\n\t\t\t\t<div class=\"elementor-post__text\">\n\t\t\t\t<h3 class=\"elementor-post__title\">\n\t\t\t<a href=\"https:\/\/regalina.ro\/en\/2025\/12\/22\/tehnologia-din-spatele-oualor-montane\/\" >\n\t\t\t\tThe technology behind our mountain eggs\t\t\t<\/a>\n\t\t<\/h3>\n\t\t\n\t\t<a class=\"elementor-post__read-more\" href=\"https:\/\/regalina.ro\/en\/2025\/12\/22\/tehnologia-din-spatele-oualor-montane\/\" aria-label=\"Read more about Tehnologia din spatele ou\u0103lor montane\" tabindex=\"-1\" >\n\t\t\t\u2014    Read more\t\t<\/a>\n\n\t\t\t\t<\/div>\n\t\t\t\t<\/article>\n\t\t\t\t<article class=\"elementor-post elementor-grid-item post-1932 post type-post status-publish format-standard hentry category-uncategorized\" role=\"listitem\">\n\t\t\t\t<div class=\"elementor-post__text\">\n\t\t\t\t<h3 class=\"elementor-post__title\">\n\t\t\t<a href=\"https:\/\/regalina.ro\/en\/2025\/10\/07\/furaje-proprii-si-control-pe-intregul-lant-de-productie\/\" >\n\t\t\t\tOwn feed and control over the entire production chain\t\t\t<\/a>\n\t\t<\/h3>\n\t\t\n\t\t<a class=\"elementor-post__read-more\" href=\"https:\/\/regalina.ro\/en\/2025\/10\/07\/furaje-proprii-si-control-pe-intregul-lant-de-productie\/\" aria-label=\"Read more about Furaje proprii \u0219i control pe \u00eentregul lan\u021b de produc\u021bie\" tabindex=\"-1\" >\n\t\t\t\u2014    Read more\t\t<\/a>\n\n\t\t\t\t<\/div>\n\t\t\t\t<\/article>\n\t\t\t\t<article class=\"elementor-post elementor-grid-item post-1912 post type-post status-publish format-standard hentry category-uncategorized\" role=\"listitem\">\n\t\t\t\t<div class=\"elementor-post__text\">\n\t\t\t\t<h3 class=\"elementor-post__title\">\n\t\t\t<a href=\"https:\/\/regalina.ro\/en\/2025\/09\/14\/modernizare-continua-in-ferma\/\" >\n\t\t\t\tContinuous modernisation on the farm.\t\t\t<\/a>\n\t\t<\/h3>\n\t\t\n\t\t<a class=\"elementor-post__read-more\" href=\"https:\/\/regalina.ro\/en\/2025\/09\/14\/modernizare-continua-in-ferma\/\" aria-label=\"Read more about Modernizare continu\u0103 \u00een ferm\u0103\" tabindex=\"-1\" >\n\t\t\t\u2014    Read more\t\t<\/a>\n\n\t\t\t\t<\/div>\n\t\t\t\t<\/article>\n\t\t\t\t<\/div>\n\t\t\n\t\t\t\t\t\t<\/div>\n\t\t\t\t<\/div>\n\t\t\t\t<\/div>\n\t\t\t\t\t<\/div>\n\t\t\t\t<\/div>\n\t\t<div class=\"elementor-element elementor-element-792bf59 e-flex e-con-boxed e-con e-parent\" data-id=\"792bf59\" data-element_type=\"container\" data-e-type=\"container\">\n\t\t\t\t\t<div class=\"e-con-inner\">\n\t\t<div class=\"elementor-element elementor-element-16fc51a e-con-full e-flex e-con e-child\" data-id=\"16fc51a\" data-element_type=\"container\" data-e-type=\"container\">\n\t\t\t\t<div class=\"elementor-element elementor-element-31ec96b elementor-widget elementor-widget-heading\" data-id=\"31ec96b\" data-element_type=\"widget\" data-e-type=\"widget\" data-widget_type=\"heading.default\">\n\t\t\t\t\t<h2 class=\"elementor-heading-title elementor-size-default\">Community<\/h2>\t\t\t\t<\/div>\n\t\t\t\t<\/div>\n\t\t<div class=\"elementor-element elementor-element-ec89ed9 e-con-full e-flex e-con e-child\" data-id=\"ec89ed9\" data-element_type=\"container\" data-e-type=\"container\">\n\t\t\t\t<div class=\"elementor-element elementor-element-b8c47cc elementor-widget elementor-widget-heading\" data-id=\"b8c47cc\" data-element_type=\"widget\" data-e-type=\"widget\" data-widget_type=\"heading.default\">\n\t\t\t\t\t<h2 class=\"elementor-heading-title elementor-size-default\">More than eggs: caring for people, the mountain and the community<\/h2>\t\t\t\t<\/div>\n\t\t\t\t<div class=\"elementor-element elementor-element-95b4b18 elementor-widget elementor-widget-text-editor\" data-id=\"95b4b18\" data-element_type=\"widget\" data-e-type=\"widget\" data-widget_type=\"text-editor.default\">\n\t\t\t\t\t\t\t\t\t<p>Regalina means mountain products, but also responsibility - towards nature, towards the people of R\u00e2\u0219nov and Bran, and towards those who choose us every day.<\/p>\t\t\t\t\t\t\t\t<\/div>\n\t\t\t\t<\/div>\n\t\t\t\t\t<\/div>\n\t\t\t\t<\/div>\n\t\t<div class=\"elementor-element elementor-element-092a445 e-flex e-con-boxed e-con e-parent\" data-id=\"092a445\" data-element_type=\"container\" data-e-type=\"container\">\n\t\t\t\t\t<div class=\"e-con-inner\">\n\t\t\t\t<div class=\"elementor-element elementor-element-94b6945 elementor-widget elementor-widget-image\" data-id=\"94b6945\" data-element_type=\"widget\" data-e-type=\"widget\" data-widget_type=\"image.default\">\n\t\t\t\t\t\t\t\t\t\t\t\t\t\t\t<img fetchpriority=\"high\" decoding=\"async\" width=\"800\" height=\"105\" src=\"https:\/\/regalina.ro\/wp-content\/uploads\/2026\/01\/Screenshot-2026-01-03-at-09.40.25-1024x135.png\" class=\"attachment-large size-large wp-image-945\" alt=\"\" srcset=\"https:\/\/regalina.ro\/wp-content\/uploads\/2026\/01\/Screenshot-2026-01-03-at-09.40.25-1024x135.png 1024w, https:\/\/regalina.ro\/wp-content\/uploads\/2026\/01\/Screenshot-2026-01-03-at-09.40.25-300x40.png 300w, https:\/\/regalina.ro\/wp-content\/uploads\/2026\/01\/Screenshot-2026-01-03-at-09.40.25-768x101.png 768w, https:\/\/regalina.ro\/wp-content\/uploads\/2026\/01\/Screenshot-2026-01-03-at-09.40.25-1536x203.png 1536w, https:\/\/regalina.ro\/wp-content\/uploads\/2026\/01\/Screenshot-2026-01-03-at-09.40.25-2048x270.png 2048w, https:\/\/regalina.ro\/wp-content\/uploads\/2026\/01\/Screenshot-2026-01-03-at-09.40.25.png 1600w\" sizes=\"(max-width: 800px) 100vw, 800px\" \/>\t\t\t\t\t\t\t\t\t\t\t\t\t\t\t<\/div>\n\t\t\t\t\t<\/div>\n\t\t\t\t<\/div>\n\t\t\t\t<\/div>","protected":false},"excerpt":{"rendered":"<p>Nout\u0103\u021bi Regalina Aici g\u0103se\u0219ti cele mai recente \u0219tiri \u0219i articole despre Regalina: lans\u0103ri de produse, idei de re\u021bete cu ou\u0103 montane, actualiz\u0103ri din ferm\u0103 \u0219i<\/p>","protected":false},"author":1,"featured_media":2062,"parent":0,"menu_order":0,"comment_status":"closed","ping_status":"closed","template":"","meta":{"footnotes":""},"class_list":["post-609","page","type-page","status-publish","has-post-thumbnail","hentry"],"yoast_head":"<!-- This site is optimized with the Yoast SEO plugin v27.4 - https:\/\/yoast.com\/product\/yoast-seo-wordpress\/ -->\n<title>Nout\u0103\u021bi - Regalina<\/title>\n<meta name=\"robots\" content=\"index, follow, max-snippet:-1, max-image-preview:large, max-video-preview:-1\" \/>\n<link rel=\"canonical\" href=\"https:\/\/regalina.ro\/en\/noutati\/\" \/>\n<meta property=\"og:locale\" content=\"en_GB\" \/>\n<meta property=\"og:type\" content=\"article\" \/>\n<meta property=\"og:title\" content=\"Nout\u0103\u021bi - Regalina\" \/>\n<meta property=\"og:description\" content=\"Nout\u0103\u021bi Regalina Aici g\u0103se\u0219ti cele mai recente \u0219tiri \u0219i articole despre Regalina: lans\u0103ri de produse, idei de re\u021bete cu ou\u0103 montane, actualiz\u0103ri din ferm\u0103 \u0219i\" \/>\n<meta property=\"og:url\" content=\"https:\/\/regalina.ro\/en\/noutati\/\" \/>\n<meta property=\"og:site_name\" content=\"Regalina\" \/>\n<meta property=\"article:publisher\" content=\"https:\/\/www.facebook.com\/regalina.ro\" \/>\n<meta property=\"article:modified_time\" content=\"2026-02-26T06:43:22+00:00\" \/>\n<meta property=\"og:image\" content=\"https:\/\/regalina.ro\/wp-content\/uploads\/2026\/02\/og_image_regalina_share.jpg\" \/>\n\t<meta property=\"og:image:width\" content=\"1200\" \/>\n\t<meta property=\"og:image:height\" content=\"600\" \/>\n\t<meta property=\"og:image:type\" content=\"image\/jpeg\" \/>\n<meta name=\"twitter:card\" content=\"summary_large_image\" \/>\n<meta name=\"twitter:label1\" content=\"Estimated reading time\" \/>\n\t<meta name=\"twitter:data1\" content=\"1 minute\" \/>\n<script type=\"application\/ld+json\" class=\"yoast-schema-graph\">{\"@context\":\"https:\\\/\\\/schema.org\",\"@graph\":[{\"@type\":\"WebPage\",\"@id\":\"https:\\\/\\\/regalina.ro\\\/noutati\\\/\",\"url\":\"https:\\\/\\\/regalina.ro\\\/noutati\\\/\",\"name\":\"Nout\u0103\u021bi - Regalina\",\"isPartOf\":{\"@id\":\"https:\\\/\\\/regalina.ro\\\/#website\"},\"primaryImageOfPage\":{\"@id\":\"https:\\\/\\\/regalina.ro\\\/noutati\\\/#primaryimage\"},\"image\":{\"@id\":\"https:\\\/\\\/regalina.ro\\\/noutati\\\/#primaryimage\"},\"thumbnailUrl\":\"https:\\\/\\\/regalina.ro\\\/wp-content\\\/uploads\\\/2026\\\/02\\\/og_image_regalina_share.jpg\",\"datePublished\":\"2025-11-02T07:57:24+00:00\",\"dateModified\":\"2026-02-26T06:43:22+00:00\",\"breadcrumb\":{\"@id\":\"https:\\\/\\\/regalina.ro\\\/noutati\\\/#breadcrumb\"},\"inLanguage\":\"en-GB\",\"potentialAction\":[{\"@type\":\"ReadAction\",\"target\":[\"https:\\\/\\\/regalina.ro\\\/noutati\\\/\"]}]},{\"@type\":\"ImageObject\",\"inLanguage\":\"en-GB\",\"@id\":\"https:\\\/\\\/regalina.ro\\\/noutati\\\/#primaryimage\",\"url\":\"https:\\\/\\\/regalina.ro\\\/wp-content\\\/uploads\\\/2026\\\/02\\\/og_image_regalina_share.jpg\",\"contentUrl\":\"https:\\\/\\\/regalina.ro\\\/wp-content\\\/uploads\\\/2026\\\/02\\\/og_image_regalina_share.jpg\",\"width\":1200,\"height\":600},{\"@type\":\"BreadcrumbList\",\"@id\":\"https:\\\/\\\/regalina.ro\\\/noutati\\\/#breadcrumb\",\"itemListElement\":[{\"@type\":\"ListItem\",\"position\":1,\"name\":\"Prima pagin\u0103\",\"item\":\"https:\\\/\\\/regalina.ro\\\/\"},{\"@type\":\"ListItem\",\"position\":2,\"name\":\"Nout\u0103\u021bi\"}]},{\"@type\":\"WebSite\",\"@id\":\"https:\\\/\\\/regalina.ro\\\/#website\",\"url\":\"https:\\\/\\\/regalina.ro\\\/\",\"name\":\"Regalina\",\"description\":\"Bun gust \u0219i pasiune din 1994\",\"publisher\":{\"@id\":\"https:\\\/\\\/regalina.ro\\\/#organization\"},\"alternateName\":\"Regalina\",\"potentialAction\":[{\"@type\":\"SearchAction\",\"target\":{\"@type\":\"EntryPoint\",\"urlTemplate\":\"https:\\\/\\\/regalina.ro\\\/?s={search_term_string}\"},\"query-input\":{\"@type\":\"PropertyValueSpecification\",\"valueRequired\":true,\"valueName\":\"search_term_string\"}}],\"inLanguage\":\"en-GB\"},{\"@type\":\"Organization\",\"@id\":\"https:\\\/\\\/regalina.ro\\\/#organization\",\"name\":\"Regalina\",\"alternateName\":\"Bun gust \u0219i pasiune din 1994\",\"url\":\"https:\\\/\\\/regalina.ro\\\/\",\"logo\":{\"@type\":\"ImageObject\",\"inLanguage\":\"en-GB\",\"@id\":\"https:\\\/\\\/regalina.ro\\\/#\\\/schema\\\/logo\\\/image\\\/\",\"url\":\"https:\\\/\\\/regalina.ro\\\/wp-content\\\/uploads\\\/2025\\\/10\\\/logo_regalina-01.png\",\"contentUrl\":\"https:\\\/\\\/regalina.ro\\\/wp-content\\\/uploads\\\/2025\\\/10\\\/logo_regalina-01.png\",\"width\":844,\"height\":196,\"caption\":\"Regalina\"},\"image\":{\"@id\":\"https:\\\/\\\/regalina.ro\\\/#\\\/schema\\\/logo\\\/image\\\/\"},\"sameAs\":[\"https:\\\/\\\/www.facebook.com\\\/regalina.ro\",\"https:\\\/\\\/www.instagram.com\\\/regalina.ro\\\/\"]}]}<\/script>\n<!-- \/ Yoast SEO plugin. -->","yoast_head_json":{"title":"Nout\u0103\u021bi - Regalina","robots":{"index":"index","follow":"follow","max-snippet":"max-snippet:-1","max-image-preview":"max-image-preview:large","max-video-preview":"max-video-preview:-1"},"canonical":"https:\/\/regalina.ro\/en\/noutati\/","og_locale":"en_GB","og_type":"article","og_title":"Nout\u0103\u021bi - Regalina","og_description":"Nout\u0103\u021bi Regalina Aici g\u0103se\u0219ti cele mai recente \u0219tiri \u0219i articole despre Regalina: lans\u0103ri de produse, idei de re\u021bete cu ou\u0103 montane, actualiz\u0103ri din ferm\u0103 \u0219i","og_url":"https:\/\/regalina.ro\/en\/noutati\/","og_site_name":"Regalina","article_publisher":"https:\/\/www.facebook.com\/regalina.ro","article_modified_time":"2026-02-26T06:43:22+00:00","og_image":[{"width":1200,"height":600,"url":"https:\/\/regalina.ro\/wp-content\/uploads\/2026\/02\/og_image_regalina_share.jpg","type":"image\/jpeg"}],"twitter_card":"summary_large_image","twitter_misc":{"Estimated reading time":"1 minute"},"schema":{"@context":"https:\/\/schema.org","@graph":[{"@type":"WebPage","@id":"https:\/\/regalina.ro\/noutati\/","url":"https:\/\/regalina.ro\/noutati\/","name":"Nout\u0103\u021bi - Regalina","isPartOf":{"@id":"https:\/\/regalina.ro\/#website"},"primaryImageOfPage":{"@id":"https:\/\/regalina.ro\/noutati\/#primaryimage"},"image":{"@id":"https:\/\/regalina.ro\/noutati\/#primaryimage"},"thumbnailUrl":"https:\/\/regalina.ro\/wp-content\/uploads\/2026\/02\/og_image_regalina_share.jpg","datePublished":"2025-11-02T07:57:24+00:00","dateModified":"2026-02-26T06:43:22+00:00","breadcrumb":{"@id":"https:\/\/regalina.ro\/noutati\/#breadcrumb"},"inLanguage":"en-GB","potentialAction":[{"@type":"ReadAction","target":["https:\/\/regalina.ro\/noutati\/"]}]},{"@type":"ImageObject","inLanguage":"en-GB","@id":"https:\/\/regalina.ro\/noutati\/#primaryimage","url":"https:\/\/regalina.ro\/wp-content\/uploads\/2026\/02\/og_image_regalina_share.jpg","contentUrl":"https:\/\/regalina.ro\/wp-content\/uploads\/2026\/02\/og_image_regalina_share.jpg","width":1200,"height":600},{"@type":"BreadcrumbList","@id":"https:\/\/regalina.ro\/noutati\/#breadcrumb","itemListElement":[{"@type":"ListItem","position":1,"name":"Prima pagin\u0103","item":"https:\/\/regalina.ro\/"},{"@type":"ListItem","position":2,"name":"Nout\u0103\u021bi"}]},{"@type":"WebSite","@id":"https:\/\/regalina.ro\/#website","url":"https:\/\/regalina.ro\/","name":"Regalina","description":"Bun gust \u0219i pasiune din 1994","publisher":{"@id":"https:\/\/regalina.ro\/#organization"},"alternateName":"Regalina","potentialAction":[{"@type":"SearchAction","target":{"@type":"EntryPoint","urlTemplate":"https:\/\/regalina.ro\/?s={search_term_string}"},"query-input":{"@type":"PropertyValueSpecification","valueRequired":true,"valueName":"search_term_string"}}],"inLanguage":"en-GB"},{"@type":"Organization","@id":"https:\/\/regalina.ro\/#organization","name":"Regalina","alternateName":"Bun gust \u0219i pasiune din 1994","url":"https:\/\/regalina.ro\/","logo":{"@type":"ImageObject","inLanguage":"en-GB","@id":"https:\/\/regalina.ro\/#\/schema\/logo\/image\/","url":"https:\/\/regalina.ro\/wp-content\/uploads\/2025\/10\/logo_regalina-01.png","contentUrl":"https:\/\/regalina.ro\/wp-content\/uploads\/2025\/10\/logo_regalina-01.png","width":844,"height":196,"caption":"Regalina"},"image":{"@id":"https:\/\/regalina.ro\/#\/schema\/logo\/image\/"},"sameAs":["https:\/\/www.facebook.com\/regalina.ro","https:\/\/www.instagram.com\/regalina.ro\/"]}]}},"_links":{"self":[{"href":"https:\/\/regalina.ro\/en\/wp-json\/wp\/v2\/pages\/609","targetHints":{"allow":["GET"]}}],"collection":[{"href":"https:\/\/regalina.ro\/en\/wp-json\/wp\/v2\/pages"}],"about":[{"href":"https:\/\/regalina.ro\/en\/wp-json\/wp\/v2\/types\/page"}],"author":[{"embeddable":true,"href":"https:\/\/regalina.ro\/en\/wp-json\/wp\/v2\/users\/1"}],"replies":[{"embeddable":true,"href":"https:\/\/regalina.ro\/en\/wp-json\/wp\/v2\/comments?post=609"}],"version-history":[{"count":22,"href":"https:\/\/regalina.ro\/en\/wp-json\/wp\/v2\/pages\/609\/revisions"}],"predecessor-version":[{"id":2114,"href":"https:\/\/regalina.ro\/en\/wp-json\/wp\/v2\/pages\/609\/revisions\/2114"}],"wp:featuredmedia":[{"embeddable":true,"href":"https:\/\/regalina.ro\/en\/wp-json\/wp\/v2\/media\/2062"}],"wp:attachment":[{"href":"https:\/\/regalina.ro\/en\/wp-json\/wp\/v2\/media?parent=609"}],"curies":[{"name":"wp","href":"https:\/\/api.w.org\/{rel}","templated":true}]}}