{"id":1301,"date":"2026-01-04T09:06:31","date_gmt":"2026-01-04T09:06:31","guid":{"rendered":"https:\/\/regalina.ro\/?page_id=1301"},"modified":"2026-03-02T17:51:27","modified_gmt":"2026-03-02T17:51:27","slug":"contact","status":"publish","type":"page","link":"https:\/\/regalina.ro\/en\/contact\/","title":{"rendered":"Contact"},"content":{"rendered":"\t\t<div data-elementor-type=\"wp-page\" data-elementor-id=\"1301\" class=\"elementor elementor-1301\" data-elementor-post-type=\"page\">\n\t\t\t\t<div class=\"elementor-element elementor-element-792bf59 e-flex e-con-boxed e-con e-parent\" data-id=\"792bf59\" data-element_type=\"container\" data-e-type=\"container\">\n\t\t\t\t\t<div class=\"e-con-inner\">\n\t\t<div class=\"elementor-element elementor-element-16fc51a e-con-full e-flex e-con e-child\" data-id=\"16fc51a\" data-element_type=\"container\" data-e-type=\"container\">\n\t\t\t\t<div class=\"elementor-element elementor-element-5650911 elementor-widget elementor-widget-heading\" data-id=\"5650911\" data-element_type=\"widget\" data-e-type=\"widget\" data-widget_type=\"heading.default\">\n\t\t\t\t\t<h1 class=\"elementor-heading-title elementor-size-default\">Contacteaz\u0103-ne<\/h1>\t\t\t\t<\/div>\n\t\t\t\t<div class=\"elementor-element elementor-element-578a573 elementor-widget elementor-widget-text-editor\" data-id=\"578a573\" data-element_type=\"widget\" data-e-type=\"widget\" data-widget_type=\"text-editor.default\">\n\t\t\t\t\t\t\t\t\t<p class=\"my-2 [&amp;+p]:mt-4 [&amp;_strong:has(+br)]:inline-block [&amp;_strong:has(+br)]:pb-2\">Pentru \u00eentreb\u0103ri despre produse, colabor\u0103ri de distribu\u021bie, parteneriate sau vizite \u00een ferm\u0103, echipa Regalina \u00ee\u021bi st\u0103 la dispozi\u021bie. Alege canalul care \u021bi se potrive\u0219te \u0219i hai s\u0103 vorbim.<\/p>\t\t\t\t\t\t\t\t<\/div>\n\t\t\t\t<\/div>\n\t\t\t\t\t<\/div>\n\t\t\t\t<\/div>\n\t\t<div class=\"elementor-element elementor-element-90d6456 e-flex e-con-boxed e-con e-parent\" data-id=\"90d6456\" data-element_type=\"container\" data-e-type=\"container\">\n\t\t\t\t\t<div class=\"e-con-inner\">\n\t\t<div class=\"elementor-element elementor-element-c4e900c e-con-full e-flex e-con e-child\" data-id=\"c4e900c\" data-element_type=\"container\" data-e-type=\"container\">\n\t\t\t\t<div class=\"elementor-element elementor-element-db6bc31 elementor-widget elementor-widget-heading\" data-id=\"db6bc31\" data-element_type=\"widget\" data-e-type=\"widget\" data-widget_type=\"heading.default\">\n\t\t\t\t\t<h2 class=\"elementor-heading-title elementor-size-default\">Contact rapid<\/h2>\t\t\t\t<\/div>\n\t\t\t\t<div class=\"elementor-element elementor-element-0530da3 elementor-widget elementor-widget-text-editor\" data-id=\"0530da3\" data-element_type=\"widget\" data-e-type=\"widget\" data-widget_type=\"text-editor.default\">\n\t\t\t\t\t\t\t\t\t<p>R\u00e2\u0219nov, str. C\u00e2mpului, nr.1, CP 505401, jud. Bra\u0219ov, Rom\u00e2nia<\/p>\t\t\t\t\t\t\t\t<\/div>\n\t\t\t\t<div class=\"elementor-element elementor-element-dde5160 elementor-widget elementor-widget-text-editor\" data-id=\"dde5160\" data-element_type=\"widget\" data-e-type=\"widget\" data-widget_type=\"text-editor.default\">\n\t\t\t\t\t\t\t\t\t<p><span style=\"color: #3b1b6d;\">T: <a style=\"color: #3b1b6d;\" href=\"tel:+40 268 891 712\">+40 268 891 712<\/a><\/span><br \/><span style=\"color: #3b1b6d;\">M: <a style=\"color: #3b1b6d;\" href=\"tel:+40 758 087 977\">+40 758 087 977<\/a><\/span><br \/><span style=\"color: #3b1b6d;\">F: <a style=\"color: #3b1b6d;\" href=\"tel:+40 758 087 977\">+40 368 815 312<\/a><\/span><br \/><span style=\"color: #3b1b6d;\">E: <a style=\"color: #3b1b6d;\" href=\"mailto:office@regalina.ro\">office@regalina.ro<\/a><\/span><\/p>\t\t\t\t\t\t\t\t<\/div>\n\t\t\t\t<div class=\"elementor-element elementor-element-73c7af5 elementor-widget elementor-widget-heading\" data-id=\"73c7af5\" data-element_type=\"widget\" data-e-type=\"widget\" data-widget_type=\"heading.default\">\n\t\t\t\t\t<h2 class=\"elementor-heading-title elementor-size-default\">Ne g\u0103se\u0219ti \u0219i pe<\/h2>\t\t\t\t<\/div>\n\t\t\t\t<div class=\"elementor-element elementor-element-720563b elementor-widget elementor-widget-text-editor\" data-id=\"720563b\" data-element_type=\"widget\" data-e-type=\"widget\" data-widget_type=\"text-editor.default\">\n\t\t\t\t\t\t\t\t\t<p><a href=\"https:\/\/www.facebook.com\/regalina.ro\" target=\"_blank\" rel=\"noopener\">Facebook<\/a><br \/><a href=\"https:\/\/www.instagram.com\/regalina.ro\/\" target=\"_blank\" rel=\"noopener\">Instagram<\/a><br \/>LinkedIn<\/p>\t\t\t\t\t\t\t\t<\/div>\n\t\t\t\t<\/div>\n\t\t<div class=\"elementor-element elementor-element-2c88e65 e-con-full e-flex e-con e-child\" data-id=\"2c88e65\" data-element_type=\"container\" data-e-type=\"container\">\n\t\t\t\t<div class=\"elementor-element elementor-element-5ff27a0 elementor-button-align-stretch elementor-widget elementor-widget-form\" data-id=\"5ff27a0\" data-element_type=\"widget\" data-e-type=\"widget\" data-settings=\"{&quot;step_next_label&quot;:&quot;Next&quot;,&quot;step_previous_label&quot;:&quot;Previous&quot;,&quot;button_width&quot;:&quot;100&quot;,&quot;step_type&quot;:&quot;number_text&quot;,&quot;step_icon_shape&quot;:&quot;circle&quot;}\" data-widget_type=\"form.default\">\n\t\t\t\t\t\t\t<form class=\"elementor-form\" method=\"post\" name=\"Formular Regalina\" aria-label=\"Formular Regalina\">\n\t\t\t<input type=\"hidden\" name=\"post_id\" value=\"1301\"\/>\n\t\t\t<input type=\"hidden\" name=\"form_id\" value=\"5ff27a0\"\/>\n\t\t\t<input type=\"hidden\" name=\"referer_title\" value=\"Contact - Regalina\" \/>\n\n\t\t\t\t\t\t\t<input type=\"hidden\" name=\"queried_id\" value=\"1301\"\/>\n\t\t\t\n\t\t\t<div class=\"elementor-form-fields-wrapper elementor-labels-above\">\n\t\t\t\t\t\t\t\t<div class=\"elementor-field-type-text elementor-field-group elementor-column elementor-field-group-name elementor-col-100\">\n\t\t\t\t\t\t\t\t\t\t\t\t\t<input size=\"1\" type=\"text\" name=\"form_fields[name]\" id=\"form-field-name\" class=\"elementor-field elementor-size-sm  elementor-field-textual\" placeholder=\"Numele t\u0103u\">\n\t\t\t\t\t\t\t\t\t\t\t<\/div>\n\t\t\t\t\t\t\t\t<div class=\"elementor-field-type-email elementor-field-group elementor-column elementor-field-group-email elementor-col-100 elementor-field-required\">\n\t\t\t\t\t\t\t\t\t\t\t\t\t<input size=\"1\" type=\"email\" name=\"form_fields[email]\" id=\"form-field-email\" class=\"elementor-field elementor-size-sm  elementor-field-textual\" placeholder=\"E-mail\" required=\"required\">\n\t\t\t\t\t\t\t\t\t\t\t<\/div>\n\t\t\t\t\t\t\t\t<div class=\"elementor-field-type-textarea elementor-field-group elementor-column elementor-field-group-message elementor-col-100\">\n\t\t\t\t\t<textarea class=\"elementor-field-textual elementor-field  elementor-size-sm\" name=\"form_fields[message]\" id=\"form-field-message\" rows=\"4\" placeholder=\"Mesaj\"><\/textarea>\t\t\t\t<\/div>\n\t\t\t\t\t\t\t\t<div class=\"elementor-field-type-recaptcha_v3 elementor-field-group elementor-column elementor-field-group-field_e848967 elementor-col-100 recaptcha_v3-bottomright\">\n\t\t\t\t\t<div class=\"elementor-field\" id=\"form-field-field_e848967\"><div class=\"elementor-g-recaptcha\" data-sitekey=\"6LdFOH0sAAAAANB0-G65r6VGfOQqZ-Y1FveXIJT7\" data-type=\"v3\" data-action=\"Form\" data-badge=\"bottomright\" data-size=\"invisible\"><\/div><\/div>\t\t\t\t<\/div>\n\t\t\t\t\t\t\t\t<div class=\"elementor-field-group elementor-column elementor-field-type-submit elementor-col-100 e-form__buttons\">\n\t\t\t\t\t<button class=\"elementor-button elementor-size-sm\" type=\"submit\">\n\t\t\t\t\t\t<span class=\"elementor-button-content-wrapper\">\n\t\t\t\t\t\t\t\t\t\t\t\t\t\t\t\t\t\t\t\t\t\t<span class=\"elementor-button-text\">Trimite mesaj<\/span>\n\t\t\t\t\t\t\t\t\t\t\t\t\t<\/span>\n\t\t\t\t\t<\/button>\n\t\t\t\t<\/div>\n\t\t\t<\/div>\n\t\t<\/form>\n\t\t\t\t\t\t<\/div>\n\t\t\t\t<\/div>\n\t\t\t\t\t<\/div>\n\t\t\t\t<\/div>\n\t\t<div class=\"elementor-element elementor-element-cf47b81 e-flex e-con-boxed e-con e-parent\" data-id=\"cf47b81\" data-element_type=\"container\" data-e-type=\"container\">\n\t\t\t\t\t<div class=\"e-con-inner\">\n\t\t<div class=\"elementor-element elementor-element-a66f0e3 e-con-full e-flex e-con e-child\" data-id=\"a66f0e3\" data-element_type=\"container\" data-e-type=\"container\">\n\t\t\t\t<div class=\"elementor-element elementor-element-d196197 elementor-widget elementor-widget-heading\" data-id=\"d196197\" data-element_type=\"widget\" data-e-type=\"widget\" data-widget_type=\"heading.default\">\n\t\t\t\t\t<h2 class=\"elementor-heading-title elementor-size-default\">comunitate<\/h2>\t\t\t\t<\/div>\n\t\t\t\t<\/div>\n\t\t<div class=\"elementor-element elementor-element-3242f48 e-con-full e-flex e-con e-child\" data-id=\"3242f48\" data-element_type=\"container\" data-e-type=\"container\">\n\t\t\t\t<div class=\"elementor-element elementor-element-cc9c465 elementor-widget elementor-widget-heading\" data-id=\"cc9c465\" data-element_type=\"widget\" data-e-type=\"widget\" data-widget_type=\"heading.default\">\n\t\t\t\t\t<h2 class=\"elementor-heading-title elementor-size-default\">Mai mult dec\u00e2t ou\u0103: grij\u0103 pentru oameni, munte \u0219i comunitate<\/h2>\t\t\t\t<\/div>\n\t\t\t\t<div class=\"elementor-element elementor-element-4ccf256 elementor-widget elementor-widget-text-editor\" data-id=\"4ccf256\" data-element_type=\"widget\" data-e-type=\"widget\" data-widget_type=\"text-editor.default\">\n\t\t\t\t\t\t\t\t\t<p>Regalina \u00eenseamn\u0103 produs montan, dar \u0219i responsabilitate \u2013 fa\u021b\u0103 de natur\u0103, fa\u021b\u0103 de oamenii din R\u00e2\u0219nov \u0219i Bran \u0219i fa\u021b\u0103 de cei care ne aleg \u00een fiecare zi.<\/p>\t\t\t\t\t\t\t\t<\/div>\n\t\t\t\t<\/div>\n\t\t\t\t\t<\/div>\n\t\t\t\t<\/div>\n\t\t<div class=\"elementor-element elementor-element-092a445 e-flex e-con-boxed e-con e-parent\" data-id=\"092a445\" data-element_type=\"container\" data-e-type=\"container\">\n\t\t\t\t\t<div class=\"e-con-inner\">\n\t\t\t\t<div class=\"elementor-element elementor-element-94b6945 elementor-widget elementor-widget-image\" data-id=\"94b6945\" data-element_type=\"widget\" data-e-type=\"widget\" data-widget_type=\"image.default\">\n\t\t\t\t\t\t\t\t\t\t\t\t\t\t\t<img fetchpriority=\"high\" decoding=\"async\" width=\"800\" height=\"105\" src=\"https:\/\/regalina.ro\/wp-content\/uploads\/2026\/01\/Screenshot-2026-01-03-at-09.40.25-1024x135.png\" class=\"attachment-large size-large wp-image-945\" alt=\"\" srcset=\"https:\/\/regalina.ro\/wp-content\/uploads\/2026\/01\/Screenshot-2026-01-03-at-09.40.25-1024x135.png 1024w, https:\/\/regalina.ro\/wp-content\/uploads\/2026\/01\/Screenshot-2026-01-03-at-09.40.25-300x40.png 300w, https:\/\/regalina.ro\/wp-content\/uploads\/2026\/01\/Screenshot-2026-01-03-at-09.40.25-768x101.png 768w, https:\/\/regalina.ro\/wp-content\/uploads\/2026\/01\/Screenshot-2026-01-03-at-09.40.25-1536x203.png 1536w, https:\/\/regalina.ro\/wp-content\/uploads\/2026\/01\/Screenshot-2026-01-03-at-09.40.25-2048x270.png 2048w, https:\/\/regalina.ro\/wp-content\/uploads\/2026\/01\/Screenshot-2026-01-03-at-09.40.25.png 1600w\" sizes=\"(max-width: 800px) 100vw, 800px\" \/>\t\t\t\t\t\t\t\t\t\t\t\t\t\t\t<\/div>\n\t\t\t\t\t<\/div>\n\t\t\t\t<\/div>\n\t\t\t\t<\/div>\n\t\t","protected":false},"excerpt":{"rendered":"<p>Contacteaz\u0103-ne Pentru \u00eentreb\u0103ri despre produse, colabor\u0103ri de distribu\u021bie, parteneriate sau vizite \u00een ferm\u0103, echipa Regalina \u00ee\u021bi st\u0103 la dispozi\u021bie. Alege canalul care \u021bi se potrive\u0219te \u0219i hai s\u0103 vorbim. Contact rapid R\u00e2\u0219nov, str. C\u00e2mpului, nr.1, CP 505401, jud. Bra\u0219ov, Rom\u00e2nia T: +40 268 891 712M: +40 758 087 977F: +40 368 815 312E: office@regalina.ro Ne [&hellip;]<\/p>\n","protected":false},"author":1,"featured_media":2062,"parent":0,"menu_order":0,"comment_status":"closed","ping_status":"closed","template":"","meta":{"footnotes":""},"class_list":["post-1301","page","type-page","status-publish","has-post-thumbnail","hentry"],"yoast_head":"<!-- This site is optimized with the Yoast SEO plugin v27.4 - https:\/\/yoast.com\/product\/yoast-seo-wordpress\/ -->\n<title>Contact - Regalina<\/title>\n<meta name=\"robots\" content=\"index, follow, max-snippet:-1, max-image-preview:large, max-video-preview:-1\" \/>\n<link rel=\"canonical\" href=\"https:\/\/regalina.ro\/en\/contact\/\" \/>\n<meta property=\"og:locale\" content=\"en_GB\" \/>\n<meta property=\"og:type\" content=\"article\" \/>\n<meta property=\"og:title\" content=\"Contact - Regalina\" \/>\n<meta property=\"og:description\" content=\"Contacteaz\u0103-ne Pentru \u00eentreb\u0103ri despre produse, colabor\u0103ri de distribu\u021bie, parteneriate sau vizite \u00een ferm\u0103, echipa Regalina \u00ee\u021bi st\u0103 la dispozi\u021bie. Alege canalul care \u021bi se potrive\u0219te \u0219i hai s\u0103 vorbim. Contact rapid R\u00e2\u0219nov, str. C\u00e2mpului, nr.1, CP 505401, jud. Bra\u0219ov, Rom\u00e2nia T: +40 268 891 712M: +40 758 087 977F: +40 368 815 312E: office@regalina.ro Ne [&hellip;]\" \/>\n<meta property=\"og:url\" content=\"https:\/\/regalina.ro\/en\/contact\/\" \/>\n<meta property=\"og:site_name\" content=\"Regalina\" \/>\n<meta property=\"article:publisher\" content=\"https:\/\/www.facebook.com\/regalina.ro\" \/>\n<meta property=\"article:modified_time\" content=\"2026-03-02T17:51:27+00:00\" \/>\n<meta property=\"og:image\" content=\"https:\/\/regalina.ro\/wp-content\/uploads\/2026\/02\/og_image_regalina_share.jpg\" \/>\n\t<meta property=\"og:image:width\" content=\"1200\" \/>\n\t<meta property=\"og:image:height\" content=\"600\" \/>\n\t<meta property=\"og:image:type\" content=\"image\/jpeg\" \/>\n<meta name=\"twitter:card\" content=\"summary_large_image\" \/>\n<meta name=\"twitter:label1\" content=\"Estimated reading time\" \/>\n\t<meta name=\"twitter:data1\" content=\"1 minute\" \/>\n<script type=\"application\/ld+json\" class=\"yoast-schema-graph\">{\"@context\":\"https:\\\/\\\/schema.org\",\"@graph\":[{\"@type\":\"WebPage\",\"@id\":\"https:\\\/\\\/regalina.ro\\\/contact\\\/\",\"url\":\"https:\\\/\\\/regalina.ro\\\/contact\\\/\",\"name\":\"Contact - Regalina\",\"isPartOf\":{\"@id\":\"https:\\\/\\\/regalina.ro\\\/#website\"},\"primaryImageOfPage\":{\"@id\":\"https:\\\/\\\/regalina.ro\\\/contact\\\/#primaryimage\"},\"image\":{\"@id\":\"https:\\\/\\\/regalina.ro\\\/contact\\\/#primaryimage\"},\"thumbnailUrl\":\"https:\\\/\\\/regalina.ro\\\/wp-content\\\/uploads\\\/2026\\\/02\\\/og_image_regalina_share.jpg\",\"datePublished\":\"2026-01-04T09:06:31+00:00\",\"dateModified\":\"2026-03-02T17:51:27+00:00\",\"breadcrumb\":{\"@id\":\"https:\\\/\\\/regalina.ro\\\/contact\\\/#breadcrumb\"},\"inLanguage\":\"en-GB\",\"potentialAction\":[{\"@type\":\"ReadAction\",\"target\":[\"https:\\\/\\\/regalina.ro\\\/contact\\\/\"]}]},{\"@type\":\"ImageObject\",\"inLanguage\":\"en-GB\",\"@id\":\"https:\\\/\\\/regalina.ro\\\/contact\\\/#primaryimage\",\"url\":\"https:\\\/\\\/regalina.ro\\\/wp-content\\\/uploads\\\/2026\\\/02\\\/og_image_regalina_share.jpg\",\"contentUrl\":\"https:\\\/\\\/regalina.ro\\\/wp-content\\\/uploads\\\/2026\\\/02\\\/og_image_regalina_share.jpg\",\"width\":1200,\"height\":600},{\"@type\":\"BreadcrumbList\",\"@id\":\"https:\\\/\\\/regalina.ro\\\/contact\\\/#breadcrumb\",\"itemListElement\":[{\"@type\":\"ListItem\",\"position\":1,\"name\":\"Prima pagin\u0103\",\"item\":\"https:\\\/\\\/regalina.ro\\\/\"},{\"@type\":\"ListItem\",\"position\":2,\"name\":\"Contact\"}]},{\"@type\":\"WebSite\",\"@id\":\"https:\\\/\\\/regalina.ro\\\/#website\",\"url\":\"https:\\\/\\\/regalina.ro\\\/\",\"name\":\"Regalina\",\"description\":\"Bun gust \u0219i pasiune din 1994\",\"publisher\":{\"@id\":\"https:\\\/\\\/regalina.ro\\\/#organization\"},\"alternateName\":\"Regalina\",\"potentialAction\":[{\"@type\":\"SearchAction\",\"target\":{\"@type\":\"EntryPoint\",\"urlTemplate\":\"https:\\\/\\\/regalina.ro\\\/?s={search_term_string}\"},\"query-input\":{\"@type\":\"PropertyValueSpecification\",\"valueRequired\":true,\"valueName\":\"search_term_string\"}}],\"inLanguage\":\"en-GB\"},{\"@type\":\"Organization\",\"@id\":\"https:\\\/\\\/regalina.ro\\\/#organization\",\"name\":\"Regalina\",\"alternateName\":\"Bun gust \u0219i pasiune din 1994\",\"url\":\"https:\\\/\\\/regalina.ro\\\/\",\"logo\":{\"@type\":\"ImageObject\",\"inLanguage\":\"en-GB\",\"@id\":\"https:\\\/\\\/regalina.ro\\\/#\\\/schema\\\/logo\\\/image\\\/\",\"url\":\"https:\\\/\\\/regalina.ro\\\/wp-content\\\/uploads\\\/2025\\\/10\\\/logo_regalina-01.png\",\"contentUrl\":\"https:\\\/\\\/regalina.ro\\\/wp-content\\\/uploads\\\/2025\\\/10\\\/logo_regalina-01.png\",\"width\":844,\"height\":196,\"caption\":\"Regalina\"},\"image\":{\"@id\":\"https:\\\/\\\/regalina.ro\\\/#\\\/schema\\\/logo\\\/image\\\/\"},\"sameAs\":[\"https:\\\/\\\/www.facebook.com\\\/regalina.ro\",\"https:\\\/\\\/www.instagram.com\\\/regalina.ro\\\/\"]}]}<\/script>\n<!-- \/ Yoast SEO plugin. -->","yoast_head_json":{"title":"Contact - Regalina","robots":{"index":"index","follow":"follow","max-snippet":"max-snippet:-1","max-image-preview":"max-image-preview:large","max-video-preview":"max-video-preview:-1"},"canonical":"https:\/\/regalina.ro\/en\/contact\/","og_locale":"en_GB","og_type":"article","og_title":"Contact - Regalina","og_description":"Contacteaz\u0103-ne Pentru \u00eentreb\u0103ri despre produse, colabor\u0103ri de distribu\u021bie, parteneriate sau vizite \u00een ferm\u0103, echipa Regalina \u00ee\u021bi st\u0103 la dispozi\u021bie. Alege canalul care \u021bi se potrive\u0219te \u0219i hai s\u0103 vorbim. Contact rapid R\u00e2\u0219nov, str. C\u00e2mpului, nr.1, CP 505401, jud. Bra\u0219ov, Rom\u00e2nia T: +40 268 891 712M: +40 758 087 977F: +40 368 815 312E: office@regalina.ro Ne [&hellip;]","og_url":"https:\/\/regalina.ro\/en\/contact\/","og_site_name":"Regalina","article_publisher":"https:\/\/www.facebook.com\/regalina.ro","article_modified_time":"2026-03-02T17:51:27+00:00","og_image":[{"width":1200,"height":600,"url":"https:\/\/regalina.ro\/wp-content\/uploads\/2026\/02\/og_image_regalina_share.jpg","type":"image\/jpeg"}],"twitter_card":"summary_large_image","twitter_misc":{"Estimated reading time":"1 minute"},"schema":{"@context":"https:\/\/schema.org","@graph":[{"@type":"WebPage","@id":"https:\/\/regalina.ro\/contact\/","url":"https:\/\/regalina.ro\/contact\/","name":"Contact - Regalina","isPartOf":{"@id":"https:\/\/regalina.ro\/#website"},"primaryImageOfPage":{"@id":"https:\/\/regalina.ro\/contact\/#primaryimage"},"image":{"@id":"https:\/\/regalina.ro\/contact\/#primaryimage"},"thumbnailUrl":"https:\/\/regalina.ro\/wp-content\/uploads\/2026\/02\/og_image_regalina_share.jpg","datePublished":"2026-01-04T09:06:31+00:00","dateModified":"2026-03-02T17:51:27+00:00","breadcrumb":{"@id":"https:\/\/regalina.ro\/contact\/#breadcrumb"},"inLanguage":"en-GB","potentialAction":[{"@type":"ReadAction","target":["https:\/\/regalina.ro\/contact\/"]}]},{"@type":"ImageObject","inLanguage":"en-GB","@id":"https:\/\/regalina.ro\/contact\/#primaryimage","url":"https:\/\/regalina.ro\/wp-content\/uploads\/2026\/02\/og_image_regalina_share.jpg","contentUrl":"https:\/\/regalina.ro\/wp-content\/uploads\/2026\/02\/og_image_regalina_share.jpg","width":1200,"height":600},{"@type":"BreadcrumbList","@id":"https:\/\/regalina.ro\/contact\/#breadcrumb","itemListElement":[{"@type":"ListItem","position":1,"name":"Prima pagin\u0103","item":"https:\/\/regalina.ro\/"},{"@type":"ListItem","position":2,"name":"Contact"}]},{"@type":"WebSite","@id":"https:\/\/regalina.ro\/#website","url":"https:\/\/regalina.ro\/","name":"Regalina","description":"Bun gust \u0219i pasiune din 1994","publisher":{"@id":"https:\/\/regalina.ro\/#organization"},"alternateName":"Regalina","potentialAction":[{"@type":"SearchAction","target":{"@type":"EntryPoint","urlTemplate":"https:\/\/regalina.ro\/?s={search_term_string}"},"query-input":{"@type":"PropertyValueSpecification","valueRequired":true,"valueName":"search_term_string"}}],"inLanguage":"en-GB"},{"@type":"Organization","@id":"https:\/\/regalina.ro\/#organization","name":"Regalina","alternateName":"Bun gust \u0219i pasiune din 1994","url":"https:\/\/regalina.ro\/","logo":{"@type":"ImageObject","inLanguage":"en-GB","@id":"https:\/\/regalina.ro\/#\/schema\/logo\/image\/","url":"https:\/\/regalina.ro\/wp-content\/uploads\/2025\/10\/logo_regalina-01.png","contentUrl":"https:\/\/regalina.ro\/wp-content\/uploads\/2025\/10\/logo_regalina-01.png","width":844,"height":196,"caption":"Regalina"},"image":{"@id":"https:\/\/regalina.ro\/#\/schema\/logo\/image\/"},"sameAs":["https:\/\/www.facebook.com\/regalina.ro","https:\/\/www.instagram.com\/regalina.ro\/"]}]}},"_links":{"self":[{"href":"https:\/\/regalina.ro\/en\/wp-json\/wp\/v2\/pages\/1301","targetHints":{"allow":["GET"]}}],"collection":[{"href":"https:\/\/regalina.ro\/en\/wp-json\/wp\/v2\/pages"}],"about":[{"href":"https:\/\/regalina.ro\/en\/wp-json\/wp\/v2\/types\/page"}],"author":[{"embeddable":true,"href":"https:\/\/regalina.ro\/en\/wp-json\/wp\/v2\/users\/1"}],"replies":[{"embeddable":true,"href":"https:\/\/regalina.ro\/en\/wp-json\/wp\/v2\/comments?post=1301"}],"version-history":[{"count":46,"href":"https:\/\/regalina.ro\/en\/wp-json\/wp\/v2\/pages\/1301\/revisions"}],"predecessor-version":[{"id":2145,"href":"https:\/\/regalina.ro\/en\/wp-json\/wp\/v2\/pages\/1301\/revisions\/2145"}],"wp:featuredmedia":[{"embeddable":true,"href":"https:\/\/regalina.ro\/en\/wp-json\/wp\/v2\/media\/2062"}],"wp:attachment":[{"href":"https:\/\/regalina.ro\/en\/wp-json\/wp\/v2\/media?parent=1301"}],"curies":[{"name":"wp","href":"https:\/\/api.w.org\/{rel}","templated":true}]}}