{"id":1270,"date":"2026-01-04T07:48:20","date_gmt":"2026-01-04T07:48:20","guid":{"rendered":"https:\/\/regalina.ro\/?page_id=1270"},"modified":"2026-02-26T06:43:01","modified_gmt":"2026-02-26T06:43:01","slug":"comunitate","status":"publish","type":"page","link":"https:\/\/regalina.ro\/en\/comunitate\/","title":{"rendered":"Community"},"content":{"rendered":"<div data-elementor-type=\"wp-page\" data-elementor-id=\"1270\" class=\"elementor elementor-1270\" data-elementor-post-type=\"page\">\n\t\t\t\t<div class=\"elementor-element elementor-element-14beedf e-flex e-con-boxed e-con e-parent\" data-id=\"14beedf\" data-element_type=\"container\" data-e-type=\"container\">\n\t\t\t\t\t<div class=\"e-con-inner\">\n\t\t<div class=\"elementor-element elementor-element-54f7ff6 e-con-full e-flex e-con e-child\" data-id=\"54f7ff6\" data-element_type=\"container\" data-e-type=\"container\">\n\t\t\t\t<div class=\"elementor-element elementor-element-376252d elementor-widget elementor-widget-heading\" data-id=\"376252d\" data-element_type=\"widget\" data-e-type=\"widget\" data-widget_type=\"heading.default\">\n\t\t\t\t\t<h1 class=\"elementor-heading-title elementor-size-default\">The Regalina community \u2013 the story of mountain eggs, told together.<\/h1>\t\t\t\t<\/div>\n\t\t\t\t<\/div>\n\t\t\t\t\t<\/div>\n\t\t\t\t<\/div>\n\t\t<div class=\"elementor-element elementor-element-3a47fbb e-flex e-con-boxed e-con e-parent\" data-id=\"3a47fbb\" data-element_type=\"container\" data-e-type=\"container\">\n\t\t\t\t\t<div class=\"e-con-inner\">\n\t\t<div class=\"elementor-element elementor-element-30ea010 e-con-full e-flex e-con e-child\" data-id=\"30ea010\" data-element_type=\"container\" data-e-type=\"container\">\n\t\t\t\t<div class=\"elementor-element elementor-element-d096f5b elementor-grid-3 elementor-grid-tablet-2 elementor-grid-mobile-1 elementor-posts--thumbnail-top elementor-widget elementor-widget-posts\" data-id=\"d096f5b\" data-element_type=\"widget\" data-e-type=\"widget\" data-settings=\"{&quot;classic_columns&quot;:&quot;3&quot;,&quot;classic_columns_tablet&quot;:&quot;2&quot;,&quot;classic_columns_mobile&quot;:&quot;1&quot;,&quot;classic_row_gap&quot;:{&quot;unit&quot;:&quot;px&quot;,&quot;size&quot;:35,&quot;sizes&quot;:[]},&quot;classic_row_gap_tablet&quot;:{&quot;unit&quot;:&quot;px&quot;,&quot;size&quot;:&quot;&quot;,&quot;sizes&quot;:[]},&quot;classic_row_gap_mobile&quot;:{&quot;unit&quot;:&quot;px&quot;,&quot;size&quot;:&quot;&quot;,&quot;sizes&quot;:[]}}\" data-widget_type=\"posts.classic\">\n\t\t\t\t<div class=\"elementor-widget-container\">\n\t\t\t\t\t\t\t<div class=\"elementor-posts-container elementor-posts elementor-posts--skin-classic elementor-grid\" role=\"list\">\n\t\t\t\t<article class=\"elementor-post elementor-grid-item post-1279 jurnal_comunitate type-jurnal_comunitate status-publish hentry\" role=\"listitem\">\n\t\t\t\t<div class=\"elementor-post__text\">\n\t\t\t\t<h3 class=\"elementor-post__title\">\n\t\t\t<a href=\"https:\/\/regalina.ro\/en\/jurnal_comunitate\/noi-si-delia-reit-energia-din-spatele-performantei-pe-schiuri\/\" >\n\t\t\t\tWe and Delia Reit \u2013 the energy behind ski performance\t\t\t<\/a>\n\t\t<\/h3>\n\t\t\n\t\t<a class=\"elementor-post__read-more\" href=\"https:\/\/regalina.ro\/en\/jurnal_comunitate\/noi-si-delia-reit-energia-din-spatele-performantei-pe-schiuri\/\" aria-label=\"Read more about Noi \u0219i Delia Reit \u2013 energia din spatele performan\u021bei pe schiuri\" tabindex=\"-1\" >\n\t\t\t\u2014    Read more\t\t<\/a>\n\n\t\t\t\t<\/div>\n\t\t\t\t<\/article>\n\t\t\t\t<article class=\"elementor-post elementor-grid-item post-1278 jurnal_comunitate type-jurnal_comunitate status-publish hentry\" role=\"listitem\">\n\t\t\t\t<div class=\"elementor-post__text\">\n\t\t\t\t<h3 class=\"elementor-post__title\">\n\t\t\t<a href=\"https:\/\/regalina.ro\/en\/jurnal_comunitate\/de-ce-ne-apropiem-de-sporturile-de-iarna\/\" >\n\t\t\t\tWhy we love winter sports\t\t\t<\/a>\n\t\t<\/h3>\n\t\t\n\t\t<a class=\"elementor-post__read-more\" href=\"https:\/\/regalina.ro\/en\/jurnal_comunitate\/de-ce-ne-apropiem-de-sporturile-de-iarna\/\" aria-label=\"Read more about De ce ne apropiem de sporturile de iarn\u0103\" tabindex=\"-1\" >\n\t\t\t\u2014    Read more\t\t<\/a>\n\n\t\t\t\t<\/div>\n\t\t\t\t<\/article>\n\t\t\t\t<article class=\"elementor-post elementor-grid-item post-1277 jurnal_comunitate type-jurnal_comunitate status-publish hentry\" role=\"listitem\">\n\t\t\t\t<div class=\"elementor-post__text\">\n\t\t\t\t<h3 class=\"elementor-post__title\">\n\t\t\t<a href=\"https:\/\/regalina.ro\/en\/jurnal_comunitate\/cum-vedem-noi-legatura-dintre-miscare-natura-si-comunitate\/\" >\n\t\t\t\tHow we see the connection between sport, nature and community\t\t\t<\/a>\n\t\t<\/h3>\n\t\t\n\t\t<a class=\"elementor-post__read-more\" href=\"https:\/\/regalina.ro\/en\/jurnal_comunitate\/cum-vedem-noi-legatura-dintre-miscare-natura-si-comunitate\/\" aria-label=\"Read more about Cum vedem noi leg\u0103tura dintre mi\u0219care, natur\u0103 \u0219i comunitate\" tabindex=\"-1\" >\n\t\t\t\u2014    Read more\t\t<\/a>\n\n\t\t\t\t<\/div>\n\t\t\t\t<\/article>\n\t\t\t\t<\/div>\n\t\t\n\t\t\t\t\t\t<\/div>\n\t\t\t\t<\/div>\n\t\t\t\t<\/div>\n\t\t\t\t\t<\/div>\n\t\t\t\t<\/div>\n\t\t<div class=\"elementor-element elementor-element-fb16f95 e-flex e-con-boxed e-con e-parent\" data-id=\"fb16f95\" data-element_type=\"container\" data-e-type=\"container\">\n\t\t\t\t\t<div class=\"e-con-inner\">\n\t\t<div class=\"elementor-element elementor-element-aea738e e-con-full e-flex e-con e-child\" data-id=\"aea738e\" data-element_type=\"container\" data-e-type=\"container\">\n\t\t\t\t<div class=\"elementor-element elementor-element-63d1e26 elementor-widget elementor-widget-heading\" data-id=\"63d1e26\" data-element_type=\"widget\" data-e-type=\"widget\" data-widget_type=\"heading.default\">\n\t\t\t\t\t<h2 class=\"elementor-heading-title elementor-size-default\">Community<\/h2>\t\t\t\t<\/div>\n\t\t\t\t<\/div>\n\t\t<div class=\"elementor-element elementor-element-e7bf1c5 e-con-full e-flex e-con e-child\" data-id=\"e7bf1c5\" data-element_type=\"container\" data-e-type=\"container\">\n\t\t\t\t<div class=\"elementor-element elementor-element-0b89bb1 elementor-widget elementor-widget-heading\" data-id=\"0b89bb1\" data-element_type=\"widget\" data-e-type=\"widget\" data-widget_type=\"heading.default\">\n\t\t\t\t\t<h2 class=\"elementor-heading-title elementor-size-default\">More than eggs: caring for people, the mountain and the community<\/h2>\t\t\t\t<\/div>\n\t\t\t\t<div class=\"elementor-element elementor-element-20fb559 elementor-widget elementor-widget-text-editor\" data-id=\"20fb559\" data-element_type=\"widget\" data-e-type=\"widget\" data-widget_type=\"text-editor.default\">\n\t\t\t\t\t\t\t\t\t<p>Regalina means mountain products, but also responsibility - towards nature, towards the people of R\u00e2\u0219nov and Bran, and towards those who choose us every day.<\/p>\t\t\t\t\t\t\t\t<\/div>\n\t\t\t\t<\/div>\n\t\t\t\t\t<\/div>\n\t\t\t\t<\/div>\n\t\t<div class=\"elementor-element elementor-element-5bb4112 e-flex e-con-boxed e-con e-parent\" data-id=\"5bb4112\" data-element_type=\"container\" data-e-type=\"container\">\n\t\t\t\t\t<div class=\"e-con-inner\">\n\t\t\t\t<div class=\"elementor-element elementor-element-60c7c18 elementor-widget elementor-widget-image\" data-id=\"60c7c18\" data-element_type=\"widget\" data-e-type=\"widget\" data-widget_type=\"image.default\">\n\t\t\t\t\t\t\t\t\t\t\t\t\t\t\t<img fetchpriority=\"high\" decoding=\"async\" width=\"800\" height=\"105\" src=\"https:\/\/regalina.ro\/wp-content\/uploads\/2026\/01\/Screenshot-2026-01-03-at-09.40.25-1024x135.png\" class=\"attachment-large size-large wp-image-945\" alt=\"\" srcset=\"https:\/\/regalina.ro\/wp-content\/uploads\/2026\/01\/Screenshot-2026-01-03-at-09.40.25-1024x135.png 1024w, https:\/\/regalina.ro\/wp-content\/uploads\/2026\/01\/Screenshot-2026-01-03-at-09.40.25-300x40.png 300w, https:\/\/regalina.ro\/wp-content\/uploads\/2026\/01\/Screenshot-2026-01-03-at-09.40.25-768x101.png 768w, https:\/\/regalina.ro\/wp-content\/uploads\/2026\/01\/Screenshot-2026-01-03-at-09.40.25-1536x203.png 1536w, https:\/\/regalina.ro\/wp-content\/uploads\/2026\/01\/Screenshot-2026-01-03-at-09.40.25-2048x270.png 2048w, https:\/\/regalina.ro\/wp-content\/uploads\/2026\/01\/Screenshot-2026-01-03-at-09.40.25.png 1600w\" sizes=\"(max-width: 800px) 100vw, 800px\" \/>\t\t\t\t\t\t\t\t\t\t\t\t\t\t\t<\/div>\n\t\t\t\t\t<\/div>\n\t\t\t\t<\/div>\n\t\t\t\t<\/div>","protected":false},"excerpt":{"rendered":"<p>Comunitatea Regalina \u2013 povestea ou\u0103lor montane, spus\u0103 \u00eempreun\u0103. comunitate Mai mult dec\u00e2t ou\u0103: grij\u0103 pentru oameni, munte \u0219i comunitate Regalina \u00eenseamn\u0103 produs montan, dar \u0219i<\/p>","protected":false},"author":1,"featured_media":2062,"parent":0,"menu_order":0,"comment_status":"closed","ping_status":"closed","template":"","meta":{"footnotes":""},"class_list":["post-1270","page","type-page","status-publish","has-post-thumbnail","hentry"],"yoast_head":"<!-- This site is optimized with the Yoast SEO plugin v27.3 - https:\/\/yoast.com\/product\/yoast-seo-wordpress\/ -->\n<title>Comunitate - Regalina<\/title>\n<meta name=\"robots\" content=\"index, follow, max-snippet:-1, max-image-preview:large, max-video-preview:-1\" \/>\n<link rel=\"canonical\" href=\"https:\/\/regalina.ro\/en\/comunitate\/\" \/>\n<meta property=\"og:locale\" content=\"en_GB\" \/>\n<meta property=\"og:type\" content=\"article\" \/>\n<meta property=\"og:title\" content=\"Comunitate - Regalina\" \/>\n<meta property=\"og:description\" content=\"Comunitatea Regalina \u2013 povestea ou\u0103lor montane, spus\u0103 \u00eempreun\u0103. comunitate Mai mult dec\u00e2t ou\u0103: grij\u0103 pentru oameni, munte \u0219i comunitate Regalina \u00eenseamn\u0103 produs montan, dar \u0219i\" \/>\n<meta property=\"og:url\" content=\"https:\/\/regalina.ro\/en\/comunitate\/\" \/>\n<meta property=\"og:site_name\" content=\"Regalina\" \/>\n<meta property=\"article:publisher\" content=\"https:\/\/www.facebook.com\/regalina.ro\" \/>\n<meta property=\"article:modified_time\" content=\"2026-02-26T06:43:01+00:00\" \/>\n<meta property=\"og:image\" content=\"https:\/\/regalina.ro\/wp-content\/uploads\/2026\/02\/og_image_regalina_share.jpg\" \/>\n\t<meta property=\"og:image:width\" content=\"1200\" \/>\n\t<meta property=\"og:image:height\" content=\"600\" \/>\n\t<meta property=\"og:image:type\" content=\"image\/jpeg\" \/>\n<meta name=\"twitter:card\" content=\"summary_large_image\" \/>\n<meta name=\"twitter:label1\" content=\"Estimated reading time\" \/>\n\t<meta name=\"twitter:data1\" content=\"1 minute\" \/>\n<script type=\"application\/ld+json\" class=\"yoast-schema-graph\">{\"@context\":\"https:\\\/\\\/schema.org\",\"@graph\":[{\"@type\":\"WebPage\",\"@id\":\"https:\\\/\\\/regalina.ro\\\/comunitate\\\/\",\"url\":\"https:\\\/\\\/regalina.ro\\\/comunitate\\\/\",\"name\":\"Comunitate - Regalina\",\"isPartOf\":{\"@id\":\"https:\\\/\\\/regalina.ro\\\/#website\"},\"primaryImageOfPage\":{\"@id\":\"https:\\\/\\\/regalina.ro\\\/comunitate\\\/#primaryimage\"},\"image\":{\"@id\":\"https:\\\/\\\/regalina.ro\\\/comunitate\\\/#primaryimage\"},\"thumbnailUrl\":\"https:\\\/\\\/regalina.ro\\\/wp-content\\\/uploads\\\/2026\\\/02\\\/og_image_regalina_share.jpg\",\"datePublished\":\"2026-01-04T07:48:20+00:00\",\"dateModified\":\"2026-02-26T06:43:01+00:00\",\"breadcrumb\":{\"@id\":\"https:\\\/\\\/regalina.ro\\\/comunitate\\\/#breadcrumb\"},\"inLanguage\":\"en-GB\",\"potentialAction\":[{\"@type\":\"ReadAction\",\"target\":[\"https:\\\/\\\/regalina.ro\\\/comunitate\\\/\"]}]},{\"@type\":\"ImageObject\",\"inLanguage\":\"en-GB\",\"@id\":\"https:\\\/\\\/regalina.ro\\\/comunitate\\\/#primaryimage\",\"url\":\"https:\\\/\\\/regalina.ro\\\/wp-content\\\/uploads\\\/2026\\\/02\\\/og_image_regalina_share.jpg\",\"contentUrl\":\"https:\\\/\\\/regalina.ro\\\/wp-content\\\/uploads\\\/2026\\\/02\\\/og_image_regalina_share.jpg\",\"width\":1200,\"height\":600},{\"@type\":\"BreadcrumbList\",\"@id\":\"https:\\\/\\\/regalina.ro\\\/comunitate\\\/#breadcrumb\",\"itemListElement\":[{\"@type\":\"ListItem\",\"position\":1,\"name\":\"Prima pagin\u0103\",\"item\":\"https:\\\/\\\/regalina.ro\\\/\"},{\"@type\":\"ListItem\",\"position\":2,\"name\":\"Comunitate\"}]},{\"@type\":\"WebSite\",\"@id\":\"https:\\\/\\\/regalina.ro\\\/#website\",\"url\":\"https:\\\/\\\/regalina.ro\\\/\",\"name\":\"Regalina\",\"description\":\"Bun gust \u0219i pasiune din 1994\",\"publisher\":{\"@id\":\"https:\\\/\\\/regalina.ro\\\/#organization\"},\"alternateName\":\"Regalina\",\"potentialAction\":[{\"@type\":\"SearchAction\",\"target\":{\"@type\":\"EntryPoint\",\"urlTemplate\":\"https:\\\/\\\/regalina.ro\\\/?s={search_term_string}\"},\"query-input\":{\"@type\":\"PropertyValueSpecification\",\"valueRequired\":true,\"valueName\":\"search_term_string\"}}],\"inLanguage\":\"en-GB\"},{\"@type\":\"Organization\",\"@id\":\"https:\\\/\\\/regalina.ro\\\/#organization\",\"name\":\"Regalina\",\"alternateName\":\"Bun gust \u0219i pasiune din 1994\",\"url\":\"https:\\\/\\\/regalina.ro\\\/\",\"logo\":{\"@type\":\"ImageObject\",\"inLanguage\":\"en-GB\",\"@id\":\"https:\\\/\\\/regalina.ro\\\/#\\\/schema\\\/logo\\\/image\\\/\",\"url\":\"https:\\\/\\\/regalina.ro\\\/wp-content\\\/uploads\\\/2025\\\/10\\\/logo_regalina-01.png\",\"contentUrl\":\"https:\\\/\\\/regalina.ro\\\/wp-content\\\/uploads\\\/2025\\\/10\\\/logo_regalina-01.png\",\"width\":844,\"height\":196,\"caption\":\"Regalina\"},\"image\":{\"@id\":\"https:\\\/\\\/regalina.ro\\\/#\\\/schema\\\/logo\\\/image\\\/\"},\"sameAs\":[\"https:\\\/\\\/www.facebook.com\\\/regalina.ro\",\"https:\\\/\\\/www.instagram.com\\\/regalina.ro\\\/\"]}]}<\/script>\n<!-- \/ Yoast SEO plugin. -->","yoast_head_json":{"title":"Comunitate - Regalina","robots":{"index":"index","follow":"follow","max-snippet":"max-snippet:-1","max-image-preview":"max-image-preview:large","max-video-preview":"max-video-preview:-1"},"canonical":"https:\/\/regalina.ro\/en\/comunitate\/","og_locale":"en_GB","og_type":"article","og_title":"Comunitate - Regalina","og_description":"Comunitatea Regalina \u2013 povestea ou\u0103lor montane, spus\u0103 \u00eempreun\u0103. comunitate Mai mult dec\u00e2t ou\u0103: grij\u0103 pentru oameni, munte \u0219i comunitate Regalina \u00eenseamn\u0103 produs montan, dar \u0219i","og_url":"https:\/\/regalina.ro\/en\/comunitate\/","og_site_name":"Regalina","article_publisher":"https:\/\/www.facebook.com\/regalina.ro","article_modified_time":"2026-02-26T06:43:01+00:00","og_image":[{"width":1200,"height":600,"url":"https:\/\/regalina.ro\/wp-content\/uploads\/2026\/02\/og_image_regalina_share.jpg","type":"image\/jpeg"}],"twitter_card":"summary_large_image","twitter_misc":{"Estimated reading time":"1 minute"},"schema":{"@context":"https:\/\/schema.org","@graph":[{"@type":"WebPage","@id":"https:\/\/regalina.ro\/comunitate\/","url":"https:\/\/regalina.ro\/comunitate\/","name":"Comunitate - Regalina","isPartOf":{"@id":"https:\/\/regalina.ro\/#website"},"primaryImageOfPage":{"@id":"https:\/\/regalina.ro\/comunitate\/#primaryimage"},"image":{"@id":"https:\/\/regalina.ro\/comunitate\/#primaryimage"},"thumbnailUrl":"https:\/\/regalina.ro\/wp-content\/uploads\/2026\/02\/og_image_regalina_share.jpg","datePublished":"2026-01-04T07:48:20+00:00","dateModified":"2026-02-26T06:43:01+00:00","breadcrumb":{"@id":"https:\/\/regalina.ro\/comunitate\/#breadcrumb"},"inLanguage":"en-GB","potentialAction":[{"@type":"ReadAction","target":["https:\/\/regalina.ro\/comunitate\/"]}]},{"@type":"ImageObject","inLanguage":"en-GB","@id":"https:\/\/regalina.ro\/comunitate\/#primaryimage","url":"https:\/\/regalina.ro\/wp-content\/uploads\/2026\/02\/og_image_regalina_share.jpg","contentUrl":"https:\/\/regalina.ro\/wp-content\/uploads\/2026\/02\/og_image_regalina_share.jpg","width":1200,"height":600},{"@type":"BreadcrumbList","@id":"https:\/\/regalina.ro\/comunitate\/#breadcrumb","itemListElement":[{"@type":"ListItem","position":1,"name":"Prima pagin\u0103","item":"https:\/\/regalina.ro\/"},{"@type":"ListItem","position":2,"name":"Comunitate"}]},{"@type":"WebSite","@id":"https:\/\/regalina.ro\/#website","url":"https:\/\/regalina.ro\/","name":"Regalina","description":"Bun gust \u0219i pasiune din 1994","publisher":{"@id":"https:\/\/regalina.ro\/#organization"},"alternateName":"Regalina","potentialAction":[{"@type":"SearchAction","target":{"@type":"EntryPoint","urlTemplate":"https:\/\/regalina.ro\/?s={search_term_string}"},"query-input":{"@type":"PropertyValueSpecification","valueRequired":true,"valueName":"search_term_string"}}],"inLanguage":"en-GB"},{"@type":"Organization","@id":"https:\/\/regalina.ro\/#organization","name":"Regalina","alternateName":"Bun gust \u0219i pasiune din 1994","url":"https:\/\/regalina.ro\/","logo":{"@type":"ImageObject","inLanguage":"en-GB","@id":"https:\/\/regalina.ro\/#\/schema\/logo\/image\/","url":"https:\/\/regalina.ro\/wp-content\/uploads\/2025\/10\/logo_regalina-01.png","contentUrl":"https:\/\/regalina.ro\/wp-content\/uploads\/2025\/10\/logo_regalina-01.png","width":844,"height":196,"caption":"Regalina"},"image":{"@id":"https:\/\/regalina.ro\/#\/schema\/logo\/image\/"},"sameAs":["https:\/\/www.facebook.com\/regalina.ro","https:\/\/www.instagram.com\/regalina.ro\/"]}]}},"_links":{"self":[{"href":"https:\/\/regalina.ro\/en\/wp-json\/wp\/v2\/pages\/1270","targetHints":{"allow":["GET"]}}],"collection":[{"href":"https:\/\/regalina.ro\/en\/wp-json\/wp\/v2\/pages"}],"about":[{"href":"https:\/\/regalina.ro\/en\/wp-json\/wp\/v2\/types\/page"}],"author":[{"embeddable":true,"href":"https:\/\/regalina.ro\/en\/wp-json\/wp\/v2\/users\/1"}],"replies":[{"embeddable":true,"href":"https:\/\/regalina.ro\/en\/wp-json\/wp\/v2\/comments?post=1270"}],"version-history":[{"count":25,"href":"https:\/\/regalina.ro\/en\/wp-json\/wp\/v2\/pages\/1270\/revisions"}],"predecessor-version":[{"id":2105,"href":"https:\/\/regalina.ro\/en\/wp-json\/wp\/v2\/pages\/1270\/revisions\/2105"}],"wp:featuredmedia":[{"embeddable":true,"href":"https:\/\/regalina.ro\/en\/wp-json\/wp\/v2\/media\/2062"}],"wp:attachment":[{"href":"https:\/\/regalina.ro\/en\/wp-json\/wp\/v2\/media?parent=1270"}],"curies":[{"name":"wp","href":"https:\/\/api.w.org\/{rel}","templated":true}]}}